{"id":724,"date":"2024-05-26T21:51:29","date_gmt":"2024-05-26T21:51:29","guid":{"rendered":"https:\/\/salonmanifest.ro\/?page_id=724"},"modified":"2024-05-26T22:09:50","modified_gmt":"2024-05-26T22:09:50","slug":"despre","status":"publish","type":"page","link":"https:\/\/salonmanifest.ro\/?page_id=724","title":{"rendered":"Despre"},"content":{"rendered":"<p>[et_pb_section fb_built=&#8221;1&#8243; disabled_on=&#8221;off|off|off&#8221; _builder_version=&#8221;4.25.1&#8243; _module_preset=&#8221;default&#8221; custom_margin=&#8221;0px||0px||false|false&#8221; custom_padding=&#8221;0px||0px||false|false&#8221; hover_enabled=&#8221;0&#8243; global_colors_info=&#8221;{}&#8221; theme_builder_area=&#8221;post_content&#8221; use_background_color_gradient=&#8221;on&#8221; background_color_gradient_stops=&#8221;#69533e 0%|#dbbd75 100%&#8221; sticky_enabled=&#8221;0&#8243;][et_pb_row _builder_version=&#8221;4.24.3&#8243; _module_preset=&#8221;default&#8221; global_colors_info=&#8221;{}&#8221; theme_builder_area=&#8221;post_content&#8221;][et_pb_column type=&#8221;4_4&#8243; _builder_version=&#8221;4.24.3&#8243; _module_preset=&#8221;default&#8221; global_colors_info=&#8221;{}&#8221; theme_builder_area=&#8221;post_content&#8221;][et_pb_text _builder_version=&#8221;4.25.1&#8243; _module_preset=&#8221;default&#8221; text_orientation=&#8221;center&#8221; custom_margin=&#8221;||||false|false&#8221; custom_padding=&#8221;||||false|false&#8221; hover_enabled=&#8221;0&#8243; global_colors_info=&#8221;{}&#8221; theme_builder_area=&#8221;post_content&#8221; text_text_color=&#8221;#FFFFFF&#8221; header_text_color=&#8221;#FFFFFF&#8221; background_layout=&#8221;dark&#8221; sticky_enabled=&#8221;0&#8243;]<\/p>\n<h3>Welcome to Salon Manifest!<\/h3>\n<h4>House of <strong><a href=\"https:\/\/www.florinnoje.com\/\" target=\"_blank\" rel=\"noopener\">FLORIN NOJE<\/a><\/strong><\/h4>\n<p>Ambasador L\u2019Or\u00e9al Professionnel,<br \/>Partener Haute Coiffure Francaise Romania,<br \/>Dyson Ambasador<\/p>\n<p>[\/et_pb_text][\/et_pb_column][\/et_pb_row][\/et_pb_section][et_pb_section fb_built=&#8221;1&#8243; fullwidth=&#8221;on&#8221; theme_builder_area=&#8221;post_content&#8221; _builder_version=&#8221;4.25.1&#8243; _module_preset=&#8221;default&#8221;][et_pb_fullwidth_image src=&#8221;https:\/\/salonmanifest.ro\/wp-content\/uploads\/2024\/05\/manifest-team-2024-up.jpg&#8221; _builder_version=&#8221;4.25.1&#8243; _module_preset=&#8221;default&#8221; theme_builder_area=&#8221;post_content&#8221; title_text=&#8221;manifest-team-2024-up&#8221; hover_enabled=&#8221;0&#8243; sticky_enabled=&#8221;0&#8243;][\/et_pb_fullwidth_image][\/et_pb_section][et_pb_section fb_built=&#8221;1&#8243; _builder_version=&#8221;4.24.3&#8243; _module_preset=&#8221;default&#8221; global_colors_info=&#8221;{}&#8221; theme_builder_area=&#8221;post_content&#8221;][et_pb_row column_structure=&#8221;1_2,1_2&#8243; _builder_version=&#8221;4.24.3&#8243; _module_preset=&#8221;default&#8221; global_colors_info=&#8221;{}&#8221; theme_builder_area=&#8221;post_content&#8221;][et_pb_column type=&#8221;1_2&#8243; _builder_version=&#8221;4.24.3&#8243; _module_preset=&#8221;default&#8221; global_colors_info=&#8221;{}&#8221; theme_builder_area=&#8221;post_content&#8221;][et_pb_blurb title=&#8221;A te coafa?&#8221; _builder_version=&#8221;4.24.3&#8243; _module_preset=&#8221;default&#8221; header_level=&#8221;h1&#8243; header_line_height=&#8221;2em&#8221; global_colors_info=&#8221;{}&#8221; theme_builder_area=&#8221;post_content&#8221;]<\/p>\n<h3>Un rendez-vous cu propria ta persoan\u0103. Cu esen\u021ba vie\u021bii. Sau despre cum te po\u021bi redescoperi prin c\u00e2teva mi\u015fc\u0103ri de foarfec\u0103!<\/h3>\n<p><strong>Man!fest<\/strong> a \u00eenceput cu <strong>Florin Noje<\/strong>, Ambasador L\u2019Or\u00e9al Professionnel,<br \/>Partener Haute Coiffure Francaise Romania \u0219i Dyson Ambasador, cu pasiunea lui pentru hairstyling \u015fi culori. R\u0103bdarea \u015fi miile de ore de practic\u0103 au tras dup\u0103 sine \u015fi magia metamorfozelor. Toate l-au transformat \u00een profesionistul creativ de ast\u0103zi, care a str\u00e2ns \u015fi a educat \u00een jurul sau, \u00een formul\u0103 salonului MAN!FEST, o echipa de tineri la fel de talenta\u0163i, de pasiona\u0163i \u015fi de d\u0103rui\u0163i meseriei.<\/p>\n<p><strong>Pentru frumuse\u0163ea des\u0103v\u00e2r\u015fit\u0103. Star sau nimic!<\/strong><\/p>\n<p>[\/et_pb_blurb][\/et_pb_column][et_pb_column type=&#8221;1_2&#8243; _builder_version=&#8221;4.24.3&#8243; _module_preset=&#8221;default&#8221; global_colors_info=&#8221;{}&#8221; theme_builder_area=&#8221;post_content&#8221;][et_pb_image src=&#8221;https:\/\/salonmanifest.ro\/wp-content\/uploads\/2024\/04\/florin-noje-salon-manifest-2024.jpg&#8221; title_text=&#8221;florin-noje-salon-manifest-2024&#8243; _builder_version=&#8221;4.24.3&#8243; _module_preset=&#8221;default&#8221; global_colors_info=&#8221;{}&#8221; theme_builder_area=&#8221;post_content&#8221;][\/et_pb_image][\/et_pb_column][\/et_pb_row][\/et_pb_section][et_pb_section fb_built=&#8221;1&#8243; fullwidth=&#8221;on&#8221; _builder_version=&#8221;4.24.3&#8243; _module_preset=&#8221;default&#8221; custom_margin=&#8221;0px||0px||false|false&#8221; custom_padding=&#8221;0px||0px||false|false&#8221; global_colors_info=&#8221;{}&#8221; theme_builder_area=&#8221;post_content&#8221;][et_pb_fullwidth_header title=&#8221;Salon de infrumusetare Bucuresti&#8221; subhead=&#8221;Calea Floreasca 79, Sector 1&#8243; _builder_version=&#8221;4.24.3&#8243; _module_preset=&#8221;default&#8221; title_text_align=&#8221;center&#8221; subhead_text_align=&#8221;center&#8221; subhead_font_size=&#8221;20px&#8221; background_enable_color=&#8221;off&#8221; use_background_color_gradient=&#8221;on&#8221; background_color_gradient_stops=&#8221;#d9bd77 0%|#6c523b 60%&#8221; custom_margin=&#8221;||||false|false&#8221; custom_padding=&#8221;||||false|false&#8221; global_colors_info=&#8221;{}&#8221; theme_builder_area=&#8221;post_content&#8221;][\/et_pb_fullwidth_header][\/et_pb_section][et_pb_section fb_built=&#8221;1&#8243; fullwidth=&#8221;on&#8221; theme_builder_area=&#8221;post_content&#8221; _builder_version=&#8221;4.25.1&#8243; _module_preset=&#8221;default&#8221;][et_pb_fullwidth_image src=&#8221;https:\/\/salonmanifest.ro\/wp-content\/uploads\/2024\/05\/salon-manifest-salon.jpg&#8221; _builder_version=&#8221;4.25.1&#8243; _module_preset=&#8221;default&#8221; theme_builder_area=&#8221;post_content&#8221; title_text=&#8221;salon-manifest-salon&#8221; hover_enabled=&#8221;0&#8243; sticky_enabled=&#8221;0&#8243;][\/et_pb_fullwidth_image][\/et_pb_section][et_pb_section fb_built=&#8221;1&#8243; _builder_version=&#8221;4.24.3&#8243; _module_preset=&#8221;default&#8221; global_colors_info=&#8221;{}&#8221; theme_builder_area=&#8221;post_content&#8221;][et_pb_row column_structure=&#8221;1_3,1_3,1_3&#8243; use_custom_gutter=&#8221;on&#8221; gutter_width=&#8221;2&#8243; _builder_version=&#8221;4.24.3&#8243; _module_preset=&#8221;default&#8221; width=&#8221;100%&#8221; global_colors_info=&#8221;{}&#8221; theme_builder_area=&#8221;post_content&#8221;][et_pb_column type=&#8221;1_3&#8243; _builder_version=&#8221;4.24.3&#8243; _module_preset=&#8221;default&#8221; global_colors_info=&#8221;{}&#8221; theme_builder_area=&#8221;post_content&#8221;][et_pb_blurb title=&#8221;TUNS si COAFAT&#8221; image=&#8221;https:\/\/salonmanifest.ro\/wp-content\/uploads\/2024\/04\/tuns-coafat-manifest.jpg&#8221; image_icon_width=&#8221;50%&#8221; _builder_version=&#8221;4.24.3&#8243; _module_preset=&#8221;default&#8221; text_orientation=&#8221;center&#8221; global_colors_info=&#8221;{}&#8221; theme_builder_area=&#8221;post_content&#8221;]<\/p>\n<p><span>\u201cGood hair days make me feel like I can run the world!\u201d<\/span><\/p>\n<p>[\/et_pb_blurb][\/et_pb_column][et_pb_column type=&#8221;1_3&#8243; _builder_version=&#8221;4.24.3&#8243; _module_preset=&#8221;default&#8221; global_colors_info=&#8221;{}&#8221; theme_builder_area=&#8221;post_content&#8221;][et_pb_blurb title=&#8221;COLORARE si TRATAMENTE&#8221; image=&#8221;https:\/\/salonmanifest.ro\/wp-content\/uploads\/2024\/04\/colorare-tratamente.jpg&#8221; image_icon_width=&#8221;50%&#8221; _builder_version=&#8221;4.24.3&#8243; _module_preset=&#8221;default&#8221; text_orientation=&#8221;center&#8221; global_colors_info=&#8221;{}&#8221; theme_builder_area=&#8221;post_content&#8221;]<\/p>\n<p><span>\u201cGood hair days make me feel like I can run the world again!\u201d<\/span><\/p>\n<p>[\/et_pb_blurb][\/et_pb_column][et_pb_column type=&#8221;1_3&#8243; _builder_version=&#8221;4.24.3&#8243; _module_preset=&#8221;default&#8221; global_colors_info=&#8221;{}&#8221; theme_builder_area=&#8221;post_content&#8221;][et_pb_blurb title=&#8221;MANICHIURA si PEDICHIURA&#8221; image=&#8221;https:\/\/salonmanifest.ro\/wp-content\/uploads\/2024\/04\/nail-polish-manifest.jpg&#8221; image_icon_width=&#8221;50%&#8221; _builder_version=&#8221;4.24.3&#8243; _module_preset=&#8221;default&#8221; text_orientation=&#8221;center&#8221; global_colors_info=&#8221;{}&#8221; theme_builder_area=&#8221;post_content&#8221;]<\/p>\n<p><span>\u201cA girl without beautiful nails is like a night without stars.\u201d<\/span><\/p>\n<p>[\/et_pb_blurb][\/et_pb_column][\/et_pb_row][\/et_pb_section][et_pb_section fb_built=&#8221;1&#8243; fullwidth=&#8221;on&#8221; _builder_version=&#8221;4.24.3&#8243; _module_preset=&#8221;default&#8221; custom_margin=&#8221;||||false|false&#8221; custom_padding=&#8221;||||false|false&#8221; global_colors_info=&#8221;{}&#8221; theme_builder_area=&#8221;post_content&#8221;][et_pb_fullwidth_header title=&#8221;Follow Us&#8221; subhead=&#8221;Ramai conectat cu noi pe retelele sociale!&#8221; text_orientation=&#8221;center&#8221; button_one_text=&#8221;Facebook&#8221; button_one_url=&#8221;https:\/\/www.facebook.com\/salonmanifest&#8221; button_two_text=&#8221;Instagram&#8221; button_two_url=&#8221;https:\/\/www.instagram.com\/manifestsalon&#8221; _builder_version=&#8221;4.24.3&#8243; _module_preset=&#8221;default&#8221; content_text_align=&#8221;center&#8221; subhead_text_align=&#8221;center&#8221; subhead_font_size=&#8221;21px&#8221; subhead_line_height=&#8221;2em&#8221; background_enable_color=&#8221;off&#8221; use_background_color_gradient=&#8221;on&#8221; background_color_gradient_stops=&#8221;#6c523b 0%|#d9bd77 100%&#8221; custom_button_one=&#8221;on&#8221; button_one_text_size=&#8221;14px&#8221; button_one_use_icon=&#8221;off&#8221; custom_button_two=&#8221;on&#8221; button_two_text_size=&#8221;14px&#8221; button_two_use_icon=&#8221;off&#8221; custom_margin=&#8221;0px||0px||false|false&#8221; custom_padding=&#8221;0px||0px||false|false&#8221; global_colors_info=&#8221;{}&#8221; theme_builder_area=&#8221;post_content&#8221;]<\/p>\n<p style=\"text-align: center;\"><strong>#manifestYourself<\/strong><\/p>\n<p style=\"text-align: center;\"><strong>#fullServiceBeautySalon<\/strong><\/p>\n<p style=\"text-align: center;\"><strong>#salonManifest<\/strong><\/p>\n<p>[\/et_pb_fullwidth_header][\/et_pb_section][et_pb_section fb_built=&#8221;1&#8243; _builder_version=&#8221;4.24.3&#8243; _module_preset=&#8221;default&#8221; global_colors_info=&#8221;{}&#8221; theme_builder_area=&#8221;post_content&#8221;][et_pb_row _builder_version=&#8221;4.24.3&#8243; _module_preset=&#8221;default&#8221; global_colors_info=&#8221;{}&#8221; theme_builder_area=&#8221;post_content&#8221;][et_pb_column type=&#8221;4_4&#8243; _builder_version=&#8221;4.24.3&#8243; _module_preset=&#8221;default&#8221; global_colors_info=&#8221;{}&#8221; theme_builder_area=&#8221;post_content&#8221;][et_pb_accordion open_toggle_text_color=&#8221;#6c523b&#8221; open_toggle_background_color=&#8221;RGBA(255,255,255,0)&#8221; closed_toggle_text_color=&#8221;#FFFFFF&#8221; closed_toggle_background_color=&#8221;#6c523b&#8221; _builder_version=&#8221;4.24.3&#8243; _module_preset=&#8221;default&#8221; toggle_text_color=&#8221;#FFFFFF&#8221; toggle_level=&#8221;h3&#8243; global_colors_info=&#8221;{}&#8221; theme_builder_area=&#8221;post_content&#8221;][et_pb_accordion_item title=&#8221;De ce sa aleg salonul de coafura Man!fest?&#8221; open=&#8221;on&#8221; _builder_version=&#8221;4.24.3&#8243; _module_preset=&#8221;default&#8221; global_colors_info=&#8221;{}&#8221; theme_builder_area=&#8221;post_content&#8221;]<\/p>\n<p><span><strong>Man!fest<\/strong>\u00a0a \u00eenceput cu\u00a0<strong>Florin Noje<\/strong>,\u00a0<strong>Ambasador L\u2019Or\u00e9al Professionnel &amp; Dyson<\/strong>, cu pasiunea lui pentru hairstyling \u015fi culori.\u00a0<\/span><span>R\u0103bdarea \u015fi miile de ore de practic\u0103 au tras dup\u0103 sine \u015fi magia metamorfozelor.\u00a0<\/span><span>Toate l-au transformat \u00een avanpostul creativ de ast\u0103zi cu o echipa de tineri stili\u0219ti talenta\u0163i, de pasiona\u0163i \u015fi d\u0103rui\u0163i meseriei. Salonul este a<\/span><span>filiat re\u021belei interna\u021bionale Salon Expert &#8211; L&#8217;Or\u00e9al Professionnel.<\/span><\/p>\n<p><span><strong>Man!fest \u00eenseamn\u0103<\/strong>:\u00a0<\/span><\/p>\n<ol>\n<li><span>20 ani de trend-setting pe pia\u021b\u0103 din Rom\u00e2nia.<\/span><\/li>\n<li><span>Tehnici inovatoare deprinse \u00een Academia\u00a0<b>\u00a0L\u2019Or\u00e9al Professionnel.<\/b><\/span><\/li>\n<li><span>Produse profesionale de excep\u021bie.<\/span><\/li>\n<li><span>Protocoale de vopsire \u0219i \u00eengrijire de ultim\u0103 genera\u021bie.<\/span><\/li>\n<li><span>Showuri de styling la scen\u0103 deschis\u0103 \u0219i colabor\u0103ri cu marile produc\u021bii TV \u0219i cu revistele de profil.<\/span><\/li>\n<\/ol>\n<p>[\/et_pb_accordion_item][et_pb_accordion_item title=&#8221;De ce suntem in topul saloanelor de infrumusetare din Bucuresti?&#8221; _builder_version=&#8221;4.24.3&#8243; _module_preset=&#8221;default&#8221; global_colors_info=&#8221;{}&#8221; theme_builder_area=&#8221;post_content&#8221; open=&#8221;off&#8221;]<\/p>\n<p><span>Mii de ore de munc\u0103 \u0219i de armonizare a talentului cu tehnica. Pentru c\u0103, nu-i a\u0219a, ce ar fi via\u021ba noastr\u0103 f\u0103r\u0103 armonie? <\/span><span>\u00cen prezent, sus\u021binut de o echip\u0103 puternic\u0103 de tineri coafori, Salonul Man!Fest st\u0103p\u00e2ne\u0219te arta suprem\u0103 a tunsorii \u0219i a culorii \u00een asemenea m\u0103sur\u0103 \u00eenc\u00e2t d\u0103 for\u021b\u0103 \u0219i \u00eencredere celor care \u00eei trec pragul. Iar, din acest punct de vedere, Man!Fest este, de aproape dou\u0103 decenii, liderul Revolu\u021biei \u00een Arta Stylingului, \u00een Bucure\u0219ti.<\/span><\/p>\n<p><span>De\u021binem titlul <\/span><span><em>Salon Expert<\/em>, oferit saloanelor L\u2019Or\u00e9al Professionnel atent selec\u021bionate, datorit\u0103 experien\u021bei vaste \u00een utilizarea produselor L\u2019Or\u00e9al Professionnel. Serviciile \u0219i imaginea unui Salon Expert sunt la cel mai \u00eenalt standard. La noi, g\u0103si\u021bi \u00eentreaga gam\u0103 de produse L\u2019Or\u00e9al Professionnel \u0219i servicii dezvoltate exclusiv pentru coaforii acredita\u021bi de Academia L\u2019Or\u00e9al Professionnel, \u00een permanent\u0103 leg\u0103tur\u0103 cu noile trenduri \u0219i av\u00e2nd expertiza necesar\u0103 pentru a r\u0103spunde tuturor nevoilor p\u0103rului t\u0103u.<\/span><\/p>\n<p><span>L\u2019Or\u00e9al Professionnel este brandul profesional num\u0103rul 1 \u00een \u00eentreaga lume, dedicat celor patru dimensiuni ale frumuse\u0163ii capilare:\u00a0<em>Culoare, \u00cengrijire, Styling \u015fi Textur\u0103.<\/em>\u00a0Creat de c\u0103tre \u015fi pentru coafori, L\u2019Or\u00e9al Professionnel a devenit brand-ul premium, destinat exclusiv saloanelor de coafur\u0103, care ofer\u0103 nu numai produse ultra-performante, dar \u015fi servicii personalizate de ultim\u0103 genera\u0163ie. Cu asemenea suport, c<\/span><span>oaforii Man!fest sunt exper\u0163ii care transform\u0103 instantaneu \u015fi durabil p\u0103rul, pentru a scoate la lumin\u0103 frumuse\u0163ea natural\u0103 a femeilor de pretutindeni.<\/span><\/p>\n<p>[\/et_pb_accordion_item][et_pb_accordion_item title=&#8221;Ce este un tuns, vopsit si coafat profesionist in salonul Man!fest?&#8221; _builder_version=&#8221;4.24.3&#8243; _module_preset=&#8221;default&#8221; global_colors_info=&#8221;{}&#8221; theme_builder_area=&#8221;post_content&#8221; open=&#8221;off&#8221;]<\/p>\n<p><span>\u00centr-un salon profesional, imagina\u021bia este limita. Noi devenim stili\u0219\u021bi \u00een momentul \u00een care suntem capabili s\u0103 facem orice, s\u0103 coaf\u0103m pe oricine &#8211; de la un copil la o persoan\u0103 \u00een v\u00e2rst\u0103, s\u0103 realiz\u0103m o coafur\u0103 de zi cu zi, dar \u0219i una excep\u021bional\u0103.<\/span><\/p>\n<p><span>\u0218i a\u0219a \u021bi-am r\u0103spuns.\u00a0<\/span><\/p>\n<p><span><b>Consultan\u021b\u0103:\u00a0<\/b>u<\/span><span>n profesionist \u00ee\u021bi deschide ochii, \u00ee\u021bi ofer\u0103 un mod de a \u00eenv\u0103\u021ba cum s\u0103 prive\u0219ti podoaba ta capilar\u0103 \u0219i cum te po\u021bi transforma prin intermediul acesteia.\u00a0<\/span><\/p>\n<p><span><b>Exclusivitate, lookuri moderne adaptate fizionomiei tale:\u00a0<\/b>c<\/span><span>e \u00eenseamn\u0103 pentru tine s\u0103 te tunzi, sa te vopse\u0219\u021bi \u0219i s\u0103 te coafezi \u00eentr-un salon profesional? \u00censeamn\u0103 c\u0103 vei avea parte de aten\u021bia unui profesionist de top, ve\u021bi stabili \u00eempreun\u0103 care e cea mai potrivit\u0103 schimbare pentru tine, te va ajut\u0103 s\u0103 \u00een\u021belegi tendin\u021be \u0219i culori \u0219i s\u0103 decizi dac\u0103 \u021bi se potrivesc sau nu. O vizit\u0103 la un salon profesional este o incursiune \u00eentr-o fabric\u0103 de relaxare.\u00a0<\/span><\/p>\n<p><span><b>\u00cengrijire \u0219i protec\u021bie:\u00a0<\/b>d<\/span><span>up\u0103 ce v\u0103 decide\u021bi asupra schimb\u0103rii, vei trece la cur\u0103\u021bare \u0219i preg\u0103tire pentru tuns sau vopsit. Protocoale complexe, re\u021bete care nu sunt disponibile dac\u0103 vrei s\u0103 le aplici acas\u0103, culori \u0219i tonuri cu diferen\u021be infime dar al c\u0103ror efect e fulminant.\u00a0<\/span><\/p>\n<p>[\/et_pb_accordion_item][et_pb_accordion_item title=&#8221;Ce inseamna hair styling?&#8221; _builder_version=&#8221;4.24.3&#8243; _module_preset=&#8221;default&#8221; global_colors_info=&#8221;{}&#8221; theme_builder_area=&#8221;post_content&#8221; open=&#8221;off&#8221;]<\/p>\n<p><span>Hair stylingul este o expresie artistic\u0103.\u00a0<\/span><\/p>\n<p><span>Hair stylist-ul improvizeaz\u0103, vine cu perspective noi \u00een materie de tunsori \u0219i coafuri, tunde, coloreaz\u0103, aranjeaz\u0103 \u0219i creeaz\u0103 o poveste din p\u0103rul t\u0103u.\u00a0<\/span><span>Contrar prejudec\u0103\u021bii colective, hair stylist-ul nu are nicio leg\u0103tur\u0103 cu frizerul de cartier, ci este un personaj creativ, cu viziuni inovatoare pentru care o tunsoare nu este &#8220;doar&#8221; o tunsoare.\u00a0<\/span><span>Aceasta solicit\u0103 aten\u021bia, experien\u021ba, aptitudinile \u0219i timpul unui stilist.\u00a0<\/span><\/p>\n<p>[\/et_pb_accordion_item][\/et_pb_accordion][\/et_pb_column][\/et_pb_row][\/et_pb_section]<\/p>\n","protected":false},"excerpt":{"rendered":"<p>Welcome to Salon Manifest! House of FLORIN NOJE Ambasador L\u2019Or\u00e9al Professionnel,Partener Haute Coiffure Francaise Romania,Dyson AmbasadorUn rendez-vous cu propria ta persoan\u0103. Cu esen\u021ba vie\u021bii. Sau despre cum te po\u021bi redescoperi prin c\u00e2teva mi\u015fc\u0103ri de foarfec\u0103! Man!fest a \u00eenceput cu Florin Noje, Ambasador L\u2019Or\u00e9al Professionnel,Partener Haute Coiffure Francaise Romania \u0219i Dyson Ambasador, cu pasiunea lui pentru [&hellip;]<\/p>\n","protected":false},"author":1,"featured_media":0,"parent":0,"menu_order":0,"comment_status":"closed","ping_status":"closed","template":"","meta":{"_et_pb_use_builder":"on","_et_pb_old_content":"","_et_gb_content_width":"","footnotes":""},"class_list":["post-724","page","type-page","status-publish","hentry"],"_links":{"self":[{"href":"https:\/\/salonmanifest.ro\/index.php?rest_route=\/wp\/v2\/pages\/724","targetHints":{"allow":["GET"]}}],"collection":[{"href":"https:\/\/salonmanifest.ro\/index.php?rest_route=\/wp\/v2\/pages"}],"about":[{"href":"https:\/\/salonmanifest.ro\/index.php?rest_route=\/wp\/v2\/types\/page"}],"author":[{"embeddable":true,"href":"https:\/\/salonmanifest.ro\/index.php?rest_route=\/wp\/v2\/users\/1"}],"replies":[{"embeddable":true,"href":"https:\/\/salonmanifest.ro\/index.php?rest_route=%2Fwp%2Fv2%2Fcomments&post=724"}],"version-history":[{"count":0,"href":"https:\/\/salonmanifest.ro\/index.php?rest_route=\/wp\/v2\/pages\/724\/revisions"}],"wp:attachment":[{"href":"https:\/\/salonmanifest.ro\/index.php?rest_route=%2Fwp%2Fv2%2Fmedia&parent=724"}],"curies":[{"name":"wp","href":"https:\/\/api.w.org\/{rel}","templated":true}]}}